{"id":6980,"date":"2020-12-13T09:21:11","date_gmt":"2020-12-13T09:21:11","guid":{"rendered":"https:\/\/veteraani.ylirotu.fi\/?page_id=6980"},"modified":"2021-01-26T18:13:47","modified_gmt":"2021-01-26T18:13:47","slug":"utbildning","status":"publish","type":"page","link":"https:\/\/veteraanienperinto.fi\/index.php\/sv\/vinterkriget\/vinterkrigets-bakgrund\/utveckling-av-forsvarsberedskap\/utbildning\/","title":{"rendered":"Utbildning"},"content":{"rendered":"\n<style type=\"text\/css\" data-created_by=\"avia_inline_auto\" id=\"style-css-av-kkebj74h-05977c6f943101b6894689a8ba032d43\">\n#top .av-special-heading.av-kkebj74h-05977c6f943101b6894689a8ba032d43{\npadding-bottom:10px;\n}\nbody .av-special-heading.av-kkebj74h-05977c6f943101b6894689a8ba032d43 .av-special-heading-tag .heading-char{\nfont-size:25px;\n}\n.av-special-heading.av-kkebj74h-05977c6f943101b6894689a8ba032d43 .av-subheading{\nfont-size:15px;\n}\n<\/style>\n<div  class='av-special-heading av-kkebj74h-05977c6f943101b6894689a8ba032d43 av-special-heading-h3  avia-builder-el-0  el_before_av_textblock  avia-builder-el-first '><h3 class='av-special-heading-tag'  itemprop=\"headline\"  >Utbildning<\/h3><div class=\"special-heading-border\"><div class=\"special-heading-inner-border\"><\/div><\/div><\/div>\n<section  class='av_textblock_section av-21ae8k-22d816c39737d2442309ca0d53317f40 '   itemscope=\"itemscope\" itemtype=\"https:\/\/schema.org\/CreativeWork\" ><div class='avia_textblock'  itemprop=\"text\" ><div class=\"art-article\">\n<p>En tempor\u00e4r v\u00e4rnpliktslag tr\u00e4dde i kraft \u00e5r 1919. Tj\u00e4nstg\u00f6ringstiden best\u00e4mdes till ett och ett halvt \u00e5r. Under \u00e5ren 1922 och 1932 stiftades nya v\u00e4rnpliktslagar enligt vilka tj\u00e4nstg\u00f6ringstiden var 350 eller 440 dagar. Det best\u00e4mdes att repetitions\u00f6vningarna var obligatoriska. Under \u00e5ren 1919-1939 utbildades 509 000 bev\u00e4ringar, men delvis p\u00e5 grund av sparsamhetssk\u00e4l l\u00e4mnades ca 110 000 v\u00e4rnpliktiga outbildade, n\u00e4rmast av sm\u00e4rre h\u00e4lsosk\u00e4l. Vid f\u00f6rnyad syn under vinterkriget konstaterades \u00f6ver 70 000 av dessa vara tj\u00e4nstdugliga. Vid repetitions\u00f6vningar p\u00e5 1930-talet utbildades ca 180 000 man, varigenom \u00f6ver h\u00e4lften av f\u00e4ltarm\u00e9n hade f\u00e5tt reserv\u00f6vningsutbildning.<\/p>\n<p>Inom bev\u00e4ringsutbildningen uppn\u00e5dde man f\u00f6rh\u00e5llandevis goda resultat, trots att tj\u00e4nstg\u00f6ringstiden till st\u00f6rsta delen anv\u00e4ndes f\u00f6r annat \u00e4n till strids- och skjututbildning. Av sparsamhetssk\u00e4l anv\u00e4ndes n\u00e4stan \u00e4nda till vinterkriget endast 35 patroner per bev\u00e4ring, d\u00e5 behovet hade ber\u00e4knats till 250 patroner. P\u00e5 grund av detta hade skyddsk\u00e5rerna i v\u00e5rt land stor betydelse d\u00e5 det g\u00e4llde att utveckla skjutskickligheten. Av sparsamhetssk\u00e4l kunde man ordna endast tv\u00e5 krigs\u00f6vningar, \u00e5ren 1937 och 1939. Detta tog sig i synnerhet uttryck i ledarnas ovana att leda stora enheter.<\/p>\n<p>Den allm\u00e4nna v\u00e4rnplikten och bev\u00e4ringstj\u00e4nsten skapade grunden f\u00f6r v\u00e5r arm\u00e9s stridsf\u00f6rm\u00e5ga och -anda. I bev\u00e4ringstj\u00e4nsten korsades de fr\u00e5n olika folkskikt h\u00e4rstammande unga m\u00e4nnens v\u00e4gar. Den gemensamma utbildningen och de gemensamma erfarenheterna skapade grunden f\u00f6r vapenbr\u00f6draskapet och \u00f6kade f\u00f6rsvarsviljan<\/p>\n<\/div>\n<\/div><\/section>\n","protected":false},"excerpt":{"rendered":"","protected":false},"author":2,"featured_media":0,"parent":5263,"menu_order":0,"comment_status":"closed","ping_status":"closed","template":"","meta":{"footnotes":""},"class_list":["post-6980","page","type-page","status-publish","hentry"],"yoast_head":"<!-- This site is optimized with the Yoast SEO plugin v27.4 - https:\/\/yoast.com\/product\/yoast-seo-wordpress\/ -->\n<title>Utbildning - Veteraanien Perint\u00f6<\/title>\n<meta name=\"robots\" content=\"index, follow, max-snippet:-1, max-image-preview:large, max-video-preview:-1\" \/>\n<link rel=\"canonical\" href=\"https:\/\/veteraanienperinto.fi\/index.php\/sv\/vinterkriget\/vinterkrigets-bakgrund\/utveckling-av-forsvarsberedskap\/utbildning\/\" \/>\n<meta property=\"og:locale\" content=\"fi_FI\" \/>\n<meta property=\"og:type\" content=\"article\" \/>\n<meta property=\"og:title\" content=\"Utbildning - Veteraanien Perint\u00f6\" \/>\n<meta property=\"og:url\" content=\"https:\/\/veteraanienperinto.fi\/index.php\/sv\/vinterkriget\/vinterkrigets-bakgrund\/utveckling-av-forsvarsberedskap\/utbildning\/\" \/>\n<meta property=\"og:site_name\" content=\"Veteraanien Perint\u00f6\" \/>\n<meta property=\"article:modified_time\" content=\"2021-01-26T18:13:47+00:00\" \/>\n<meta name=\"twitter:card\" content=\"summary_large_image\" \/>\n<meta name=\"twitter:label1\" content=\"Arvioitu lukuaika\" \/>\n\t<meta name=\"twitter:data1\" content=\"2 minuuttia\" \/>\n<script type=\"application\/ld+json\" class=\"yoast-schema-graph\">{\"@context\":\"https:\\\/\\\/schema.org\",\"@graph\":[{\"@type\":\"WebPage\",\"@id\":\"https:\\\/\\\/veteraanienperinto.fi\\\/index.php\\\/sv\\\/vinterkriget\\\/vinterkrigets-bakgrund\\\/utveckling-av-forsvarsberedskap\\\/utbildning\\\/\",\"url\":\"https:\\\/\\\/veteraanienperinto.fi\\\/index.php\\\/sv\\\/vinterkriget\\\/vinterkrigets-bakgrund\\\/utveckling-av-forsvarsberedskap\\\/utbildning\\\/\",\"name\":\"Utbildning - Veteraanien Perint\u00f6\",\"isPartOf\":{\"@id\":\"https:\\\/\\\/veteraanienperinto.fi\\\/#website\"},\"datePublished\":\"2020-12-13T09:21:11+00:00\",\"dateModified\":\"2021-01-26T18:13:47+00:00\",\"breadcrumb\":{\"@id\":\"https:\\\/\\\/veteraanienperinto.fi\\\/index.php\\\/sv\\\/vinterkriget\\\/vinterkrigets-bakgrund\\\/utveckling-av-forsvarsberedskap\\\/utbildning\\\/#breadcrumb\"},\"inLanguage\":\"fi\",\"potentialAction\":[{\"@type\":\"ReadAction\",\"target\":[\"https:\\\/\\\/veteraanienperinto.fi\\\/index.php\\\/sv\\\/vinterkriget\\\/vinterkrigets-bakgrund\\\/utveckling-av-forsvarsberedskap\\\/utbildning\\\/\"]}]},{\"@type\":\"BreadcrumbList\",\"@id\":\"https:\\\/\\\/veteraanienperinto.fi\\\/index.php\\\/sv\\\/vinterkriget\\\/vinterkrigets-bakgrund\\\/utveckling-av-forsvarsberedskap\\\/utbildning\\\/#breadcrumb\",\"itemListElement\":[{\"@type\":\"ListItem\",\"position\":1,\"name\":\"Etusivu\",\"item\":\"https:\\\/\\\/veteraanienperinto.fi\\\/index.php\\\/etusivu-2\\\/\"},{\"@type\":\"ListItem\",\"position\":2,\"name\":\"Vinterkriget\",\"item\":\"https:\\\/\\\/veteraanienperinto.fi\\\/index.php\\\/sv\\\/vinterkriget\\\/\"},{\"@type\":\"ListItem\",\"position\":3,\"name\":\"Vinterkrigets bakgrund\",\"item\":\"https:\\\/\\\/veteraanienperinto.fi\\\/index.php\\\/sv\\\/vinterkriget\\\/vinterkrigets-bakgrund\\\/\"},{\"@type\":\"ListItem\",\"position\":4,\"name\":\"Utveckling av f\u00f6rsvarsberedskap\",\"item\":\"https:\\\/\\\/veteraanienperinto.fi\\\/index.php\\\/sv\\\/vinterkriget\\\/vinterkrigets-bakgrund\\\/utveckling-av-forsvarsberedskap\\\/\"},{\"@type\":\"ListItem\",\"position\":5,\"name\":\"Utbildning\"}]},{\"@type\":\"WebSite\",\"@id\":\"https:\\\/\\\/veteraanienperinto.fi\\\/#website\",\"url\":\"https:\\\/\\\/veteraanienperinto.fi\\\/\",\"name\":\"Veteraanien Perint\u00f6\",\"description\":\"Kadettikunta\",\"potentialAction\":[{\"@type\":\"SearchAction\",\"target\":{\"@type\":\"EntryPoint\",\"urlTemplate\":\"https:\\\/\\\/veteraanienperinto.fi\\\/?s={search_term_string}\"},\"query-input\":{\"@type\":\"PropertyValueSpecification\",\"valueRequired\":true,\"valueName\":\"search_term_string\"}}],\"inLanguage\":\"fi\"}]}<\/script>\n<!-- \/ Yoast SEO plugin. -->","yoast_head_json":{"title":"Utbildning - Veteraanien Perint\u00f6","robots":{"index":"index","follow":"follow","max-snippet":"max-snippet:-1","max-image-preview":"max-image-preview:large","max-video-preview":"max-video-preview:-1"},"canonical":"https:\/\/veteraanienperinto.fi\/index.php\/sv\/vinterkriget\/vinterkrigets-bakgrund\/utveckling-av-forsvarsberedskap\/utbildning\/","og_locale":"fi_FI","og_type":"article","og_title":"Utbildning - Veteraanien Perint\u00f6","og_url":"https:\/\/veteraanienperinto.fi\/index.php\/sv\/vinterkriget\/vinterkrigets-bakgrund\/utveckling-av-forsvarsberedskap\/utbildning\/","og_site_name":"Veteraanien Perint\u00f6","article_modified_time":"2021-01-26T18:13:47+00:00","twitter_card":"summary_large_image","twitter_misc":{"Arvioitu lukuaika":"2 minuuttia"},"schema":{"@context":"https:\/\/schema.org","@graph":[{"@type":"WebPage","@id":"https:\/\/veteraanienperinto.fi\/index.php\/sv\/vinterkriget\/vinterkrigets-bakgrund\/utveckling-av-forsvarsberedskap\/utbildning\/","url":"https:\/\/veteraanienperinto.fi\/index.php\/sv\/vinterkriget\/vinterkrigets-bakgrund\/utveckling-av-forsvarsberedskap\/utbildning\/","name":"Utbildning - Veteraanien Perint\u00f6","isPartOf":{"@id":"https:\/\/veteraanienperinto.fi\/#website"},"datePublished":"2020-12-13T09:21:11+00:00","dateModified":"2021-01-26T18:13:47+00:00","breadcrumb":{"@id":"https:\/\/veteraanienperinto.fi\/index.php\/sv\/vinterkriget\/vinterkrigets-bakgrund\/utveckling-av-forsvarsberedskap\/utbildning\/#breadcrumb"},"inLanguage":"fi","potentialAction":[{"@type":"ReadAction","target":["https:\/\/veteraanienperinto.fi\/index.php\/sv\/vinterkriget\/vinterkrigets-bakgrund\/utveckling-av-forsvarsberedskap\/utbildning\/"]}]},{"@type":"BreadcrumbList","@id":"https:\/\/veteraanienperinto.fi\/index.php\/sv\/vinterkriget\/vinterkrigets-bakgrund\/utveckling-av-forsvarsberedskap\/utbildning\/#breadcrumb","itemListElement":[{"@type":"ListItem","position":1,"name":"Etusivu","item":"https:\/\/veteraanienperinto.fi\/index.php\/etusivu-2\/"},{"@type":"ListItem","position":2,"name":"Vinterkriget","item":"https:\/\/veteraanienperinto.fi\/index.php\/sv\/vinterkriget\/"},{"@type":"ListItem","position":3,"name":"Vinterkrigets bakgrund","item":"https:\/\/veteraanienperinto.fi\/index.php\/sv\/vinterkriget\/vinterkrigets-bakgrund\/"},{"@type":"ListItem","position":4,"name":"Utveckling av f\u00f6rsvarsberedskap","item":"https:\/\/veteraanienperinto.fi\/index.php\/sv\/vinterkriget\/vinterkrigets-bakgrund\/utveckling-av-forsvarsberedskap\/"},{"@type":"ListItem","position":5,"name":"Utbildning"}]},{"@type":"WebSite","@id":"https:\/\/veteraanienperinto.fi\/#website","url":"https:\/\/veteraanienperinto.fi\/","name":"Veteraanien Perint\u00f6","description":"Kadettikunta","potentialAction":[{"@type":"SearchAction","target":{"@type":"EntryPoint","urlTemplate":"https:\/\/veteraanienperinto.fi\/?s={search_term_string}"},"query-input":{"@type":"PropertyValueSpecification","valueRequired":true,"valueName":"search_term_string"}}],"inLanguage":"fi"}]}},"_links":{"self":[{"href":"https:\/\/veteraanienperinto.fi\/index.php\/wp-json\/wp\/v2\/pages\/6980","targetHints":{"allow":["GET"]}}],"collection":[{"href":"https:\/\/veteraanienperinto.fi\/index.php\/wp-json\/wp\/v2\/pages"}],"about":[{"href":"https:\/\/veteraanienperinto.fi\/index.php\/wp-json\/wp\/v2\/types\/page"}],"author":[{"embeddable":true,"href":"https:\/\/veteraanienperinto.fi\/index.php\/wp-json\/wp\/v2\/users\/2"}],"replies":[{"embeddable":true,"href":"https:\/\/veteraanienperinto.fi\/index.php\/wp-json\/wp\/v2\/comments?post=6980"}],"version-history":[{"count":4,"href":"https:\/\/veteraanienperinto.fi\/index.php\/wp-json\/wp\/v2\/pages\/6980\/revisions"}],"predecessor-version":[{"id":10678,"href":"https:\/\/veteraanienperinto.fi\/index.php\/wp-json\/wp\/v2\/pages\/6980\/revisions\/10678"}],"up":[{"embeddable":true,"href":"https:\/\/veteraanienperinto.fi\/index.php\/wp-json\/wp\/v2\/pages\/5263"}],"wp:attachment":[{"href":"https:\/\/veteraanienperinto.fi\/index.php\/wp-json\/wp\/v2\/media?parent=6980"}],"curies":[{"name":"wp","href":"https:\/\/api.w.org\/{rel}","templated":true}]}}