{"id":8564,"date":"2020-12-18T14:43:31","date_gmt":"2020-12-18T14:43:31","guid":{"rendered":"https:\/\/veteraani.ylirotu.fi\/?page_id=8564"},"modified":"2020-12-18T14:43:31","modified_gmt":"2020-12-18T14:43:31","slug":"insatser-pa-olika-fronter","status":"publish","type":"page","link":"https:\/\/veteraanienperinto.fi\/index.php\/sv\/infobank\/berattelser-info\/utlandska-frivilliga-i-finland\/insatser-pa-olika-fronter\/","title":{"rendered":"Insatser p\u00e5 olika fronter"},"content":{"rendered":"\n<style type=\"text\/css\" data-created_by=\"avia_inline_auto\" id=\"style-css-av-kiudrzs5-a9665a47c031cf349174b7dff8971ee2\">\n#top .av-special-heading.av-kiudrzs5-a9665a47c031cf349174b7dff8971ee2{\npadding-bottom:10px;\n}\nbody .av-special-heading.av-kiudrzs5-a9665a47c031cf349174b7dff8971ee2 .av-special-heading-tag .heading-char{\nfont-size:25px;\n}\n.av-special-heading.av-kiudrzs5-a9665a47c031cf349174b7dff8971ee2 .av-subheading{\nfont-size:15px;\n}\n<\/style>\n<div  class='av-special-heading av-kiudrzs5-a9665a47c031cf349174b7dff8971ee2 av-special-heading-h3  avia-builder-el-0  el_before_av_textblock  avia-builder-el-first '><h3 class='av-special-heading-tag'  itemprop=\"headline\"  >Insatser p\u00e5 olika fronter<\/h3><div class=\"special-heading-border\"><div class=\"special-heading-inner-border\"><\/div><\/div><\/div>\n<section  class='av_textblock_section av-kek0ol8w-0f04af88ec907b2c66cea4bf3dbe1d4c '   itemscope=\"itemscope\" itemtype=\"https:\/\/schema.org\/CreativeWork\" ><div class='avia_textblock'  itemprop=\"text\" ><p><strong>Orvar Nilsson:<\/strong><\/p>\n<div id=\"attachment_8570\" style=\"width: 304px\" class=\"wp-caption alignright\"><img loading=\"lazy\" decoding=\"async\" aria-describedby=\"caption-attachment-8570\" class=\"wp-image-8570 size-medium\" src=\"https:\/\/veteraanienperinto.fi\/wp-content\/uploads\/2020\/12\/insatser1-294x300.jpg\" alt=\"\" width=\"294\" height=\"300\" srcset=\"https:\/\/veteraanienperinto.fi\/wp-content\/uploads\/2020\/12\/insatser1-294x300.jpg 294w, https:\/\/veteraanienperinto.fi\/wp-content\/uploads\/2020\/12\/insatser1-36x36.jpg 36w, https:\/\/veteraanienperinto.fi\/wp-content\/uploads\/2020\/12\/insatser1.jpg 500w\" sizes=\"auto, (max-width: 294px) 100vw, 294px\" \/><p id=\"caption-attachment-8570\" class=\"wp-caption-text\">Aunus- och Karelska n\u00e4set j\u00e4rnv\u00e4gen mellan Pitk\u00e4ranta och M\u00e4kria byggdes av finl\u00e4ndarna under kriget och blev f\u00e4rdig 1943.<\/p><\/div>\n<p>N\u00e4r Hang\u00f6bataljonen avvecklades anm\u00e4lde sig m\u00e5nga av de hemkomna till fortsatt krigstj\u00e4nst i Finland. \u00c4ven nyanm\u00e4lningar inkom till Frivilligbyr\u00e5n i Stockholm. P\u00e5 grund h\u00e4rav besl\u00f6t Finlandskommitt\u00e9n av \u00e5r 1941 att organisera ett nytt svenskt frivilligf\u00f6rband.<\/p>\n<p>Den 10 januari 1942 reste den f\u00f6rsta kontingenten med b\u00e5t till \u00c5bo, d\u00e4r l\u00f6jtnant Arne Uggla fr\u00e5n 14, som h\u00f6sten 1941 tj\u00e4nstgjort i IR 24, skulle s\u00e4tta upp Svenska Frivilligkompaniet. Under loppet av januari anl\u00e4nde n\u00e4stan 130 rikssvenskar. De flesta var krigserfarna, ty sex av tio var veteraner fr\u00e5n Svenska Frivilligk\u00e5ren i Vinterkriget, medan sju av tio hade varit med p\u00e5 Hang\u00f6fronten. Fyra av tio hade deltagit b\u00e5de i Vinterkriget och framf\u00f6r Hang\u00f6.<\/p>\n<p>Efter ett par veckor insjuknade l\u00f6jtnant Uggla s\u00e5 sv\u00e5rt att han inte kunde f\u00f6lja sitt kompani, n\u00e4r detta den 28 januari p\u00e5 kv\u00e4llen avreste med t\u00e5g mot \u00f6stfronten. Han tvingades i st\u00e4llet \u00e5terv\u00e4nda till Sverige efter n\u00e5gon tids sjukhusvistelse i Finland. P\u00e5 grund h\u00e4rav fick danske premi\u00e4rl\u00f6jtnanten, direkt\u00f6r William Planck fr\u00e5n K\u00f6penhamn, som hade varit &#8221;svensk frivillig&#8221; \u00e4ven p\u00e5 Hang\u00f6fronten, tills vidare f\u00f6ra bef\u00e4let. I Sverige uts\u00e5g man kapten Richard Nilsson fr\u00e5n 114 till ny kompanichef.<\/p>\n<p>T\u00e5gresan gick via Riihim\u00e4ki, Lahtis och Kouvola till Virasoja \u00f6ster om Saimen, dit man anl\u00e4nde den 30 januari p\u00e5 morgonen. D\u00e4r blev det sex kilometers motionsmarsch till fots. Resan fortsatte p\u00e5 kv\u00e4llen \u00f6ver Jaakima, Sordavala och Matkaselk\u00e4 till Suoj\u00e4rvi f\u00f6r en dags uppeh\u00e5ll innan det egentliga Finland l\u00e4mnades den 1 februari. F\u00e4rden gick vidare mot Fj\u00e4rrkarelens huvudstad Petroskoi, som n\u00e5ddes n\u00e4sta dag. Efter frukost bar det av s\u00f6derut p\u00e5 Murmanbanan och p\u00e5 eftermiddagen passerades floden Svir. Strax d\u00e4refter beordrades urlastning och kompaniet marscherade till f\u00f6rl\u00e4ggning i staden Podporodzje. Resan hade tagit fem dygn.<\/p>\n<p>Frivilligkompaniet placerades i det svenskspr\u00e5kiga infanteriregementet IR 13 och i dettas I bataljon, vars kommend\u00f6r var den rikssvenske majoren Carl C:son Bonde. De tv\u00e5 f\u00f6rsta veckorna anv\u00e4ndes till inskjutning av vapen och annan utbildning under l\u00f6jtnant Plancks ledning.<\/p>\n<p>Den nye kompanichefen, kapten Richard Nilsson, anl\u00e4nde till Podporodzje den 16 februari och dagen d\u00e4refter tog han bef\u00e4let \u00f6ver Svenska frivilligkompaniet, som officiellt ben\u00e4mndes Avdelta kompaniet.<\/p>\n<p>IR 13 f\u00f6rsvarade ett avsnitt av Svirfronten tv\u00e5 mil sydv\u00e4st om Podporodzje och d\u00e4r str\u00e4ckte sig f\u00f6rsvarslinjen l\u00e4ngs \u00f6demarksfloden Jandebas norra strand. Men mellan bataljonerna i fr\u00e4msta linjen gapade en kilometer bred lucka, som endast bevakades av en dagligen uts\u00e4nd skidl\u00f6parpatrull. Denna of\u00f6rsvarade tassemark var delvis minerad av b\u00e5de ryssar och finl\u00e4ndare, men ryssarna anv\u00e4nde den \u00e4nd\u00e5 f\u00f6r livlig patrullverksamhet, vilken f\u00f6rorsakade f\u00f6rluster i trafiken p\u00e5 IR 13:s underh\u00e5llsv\u00e4g. Om de skulle bita sig fast inom omr\u00e5det, skulle det inneb\u00e4ra att regementets f\u00f6rsvar kl\u00f6vs i tv\u00e5 delar. Tv\u00e5 dagar efter ankomsten fick kapten Nilsson till uppgift att med Avdelta kompaniet t\u00e4ppa till luckan mellan bataljonerna.<\/p>\n<p>Den 21 februari skidade rikssvenskarna, som f\u00f6rst\u00e4rkts med ett dussintal finlandssvenskar placerade i kompanistab och tross, fr\u00e5n Podporodzje och anl\u00e4nde p\u00e5 eftermiddagen till terr\u00e4ngen bakom den blivande f\u00f6rsvarslinjen. Efter rekognoseringar och f\u00f6rberedande f\u00e4ltarbeten besatte kompaniet utan strid det of\u00f6rsvarade omr\u00e5det. Den 28 februari p\u00e5 morgonen uppr\u00e4ttades fyra nya st\u00f6djepunkter l\u00e4ngs Jandeba. P\u00e5 kv\u00e4llen var sn\u00f6v\u00e4rn och tillf\u00e4lliga hinder utbyggda samt tr\u00e5df\u00f6rbindelser klara. Avdelta kompaniet hade f\u00e5tt eget frontansvar och Jandeba blev ingenmansland.<\/p>\n<p>N\u00e5gra dagar senare kom n\u00e4sta uppgift. Kompaniet skulle fastst\u00e4lla l\u00e4get av en rysk korsuby, vilken anv\u00e4ndes av ryska partig\u00e4ngare, f\u00f6rst\u00f6ra korsur och taga f\u00e5ngar. Denna ryska st\u00f6djepunkt bed\u00f6mdes vara bel\u00e4gen 500 meter s\u00f6der om Jandeba mitt framf\u00f6r Avdelta kompaniet. Man startade vid femtiden p\u00e5 morgonen den 4 mars. Enligt uppgjord plan skidade en s\u00e4kringspatrull \u00f6ver Jandeba och tog sig i brant motlut fram till en upptrampad patrullstig, vilken gick parallellt med och ungef\u00e4r 50 meter innanf\u00f6r skogsbrynet.<\/p>\n<p>D\u00e4refter f\u00f6ljde tv\u00e5 sm\u00e5 finlandssvenska plutoner fr\u00e5n 2. kompaniet, vilka sv\u00e4ngde av p\u00e5 stigen den ena \u00e5t h\u00f6ger och den andra \u00e5t v\u00e4nster f\u00f6r att skydda flankerna. S\u00e5 kom kapten Nilsson med eldledare fr\u00e5n artilleri och granatkastare samt en tillf\u00e4lligt sammansatt rikssvensk pluton om 32 man. Denna ordnades p\u00e5 tv\u00e5 t\u00e4ter i h\u00f6jd med stigen, d\u00e4r kompanichefen uppr\u00e4ttade sin stridsledningsplats. S\u00e5 l\u00e5ngt var allt enligt planen, \u00e4ven om det visade sig n\u00f6dv\u00e4ndigt att taga av skidorna och b\u00e4ra dem uppf\u00f6r den branta strandbrinken, vilket f\u00f6rutom tidsspillan f\u00f6rorsakade b\u00e5de buller och oreda.<\/p>\n<p>Anfallsplutonen gav sig iv\u00e4g i sydlig riktning under ledning av l\u00f6jtnant G\u00f6sta Hallberg-Cuula. M\u00f6rker, t\u00e4t skog, uppf\u00f6rsbacke och djup l\u00f6ssn\u00f6 f\u00f6rsv\u00e5rade skid\u00e5kningen. Det gick endast l\u00e5ngsamt fram\u00e5t. Efter 150 meters f\u00f6rflyttning blev t\u00e4ten pl\u00f6tsligt beskjuten av en rysk tr\u00e4dskytt. Man hade \u00f6verraskande st\u00f6tt p\u00e5 ett f\u00f6rut ok\u00e4nt n\u00e4ste och var bara n\u00e5gra meter fr\u00e5n ett sn\u00f6t\u00e4ckt v\u00e4rn. Andra ryssar \u00f6ppnade eld fr\u00e5n olika h\u00e5ll. Elden besvarades av de fr\u00e4msta rikssvenskarna. Under eldstriden blev en av gruppcheferna, \u00f6versergeant Fritz Pettersson, isolerare fr\u00e5n Sundsvall, sv\u00e5rt s\u00e5rad i ena l\u00e5rbenshalsen. Soldat Holger Holmgren, diversearbetare fr\u00e5n Eskilstuna, trampade p\u00e5 en mina och blev illa skadad i ena benet, n\u00e4r han s\u00f6kte bist\u00e5 Pettersson.<\/p>\n<p>Ryssarna var f\u00f6rsvarsberedda, det fanns trampminor och det rapporterades om sn\u00f6ren till r\u00f6rminor mellan tr\u00e4den. Plutonchefen bed\u00f6mde det om\u00f6jligt att storma n\u00e4stet, varf\u00f6r han beg\u00e4rde att f\u00e5 g\u00e5 tillbaka. En rapportkarl s\u00e4ndes bak\u00e5t med detta besked till kompanichefen. Denne fick \u00e4ven meddelanden fr\u00e5n flankplutonerna. Den h\u00f6gra l\u00e5g under stark fientlig eld, sedan en fientlig patrull avvisats. Den v\u00e4nstra hade hejdats av minf\u00e4lt och finlandssvenske sergeanten Nummelin hade f\u00e5tt ena foten avsliten av en mina. Kompanichefen besl\u00f6t avbryta anfallet, varefter han gav order om tillbakaryckning. Denna kunde genomf\u00f6ras utan att ryssarna f\u00f6ljde efter. De s\u00e5rade, som medf\u00f6rdes p\u00e5 pulkor, blev alla tre krigsinvalider, Holmgren och Nummelin med amputerade ben.<\/p>\n<p>Det f\u00f6ljde lugnare dagar, d\u00e5 man kunde bygga ut och f\u00f6rst\u00e4rka de fyra st\u00f6djepunkterna Geten, Victor, Bj\u00f6rken och Cuulan. Kompanireserven, som inom st\u00f6djepunktsf\u00f6rsvaret skulle fungera som spindeln i n\u00e4tet, tr\u00e4nades i denna r\u00f6rliga roll. Mot slutet av m\u00e5naden fick kompaniet order att taga en f\u00e5nge. Kompanichefen och f\u00e4nrik Otto Lagerfelt fr\u00e5n I 1, som anm\u00e4lt sig som chef f\u00f6r f\u00e5ngtagningsstyrkan, planlade gemensamt hur uppgiften skulle l\u00f6sas. Lotsad av en finlandssvensk v\u00e4gvisare skulle Lagerfelt f\u00f6ra sin tiomannapatrull till en k\u00e4nd rysk patrullstig.<\/p>\n<p>D\u00e4r skulle man inv\u00e4nta en nattbevakningsavdelning med regelbundna vanor. Den brukade best\u00e5 av minst fyra man, vilka upptr\u00e4dde parvis med upp till tio meters avst\u00e5nd mellan paren. De fr\u00e4msta ryssarna skulle oskadligg\u00f6ras och det sista paret tillf\u00e5ngatagas. Om detta skulle misslyckas, borde man g\u00e5 fram l\u00e4ngs stigen f\u00f6r att s\u00f6ka taga en f\u00e5nge, d\u00e4r tillf\u00e4lle yppade sig. P\u00e5 egen sida av Jandeba skulle sjukv\u00e5rdssl\u00e4de st\u00e4llas i beredskap och unds\u00e4ttningsstyrkor med transportpulkor vara utryckningsklara.<\/p>\n<p>Den 26 mars klockan 0030 \u00f6verskreds Jandeba och efter 400 meters f\u00f6rflyttning till fots n\u00e5ddes den ryska patrullstigen. D\u00e4r delade Lagerfelt sin styrka i tv\u00e5 grupper. Den ena placerades f\u00f6re och den andra efter en tv\u00e4r stigkr\u00f6k. Vid tretiden p\u00e5 morgonen kom en rysk bevakningspatrull. Den r\u00f6rde sig sakta i m\u00f6rkret och karlarna tassade ljudl\u00f6st fram i sina filtst\u00f6vlar. Enligt givna direktiv sk\u00f6ts de tv\u00e5 f\u00f6rsta ryssarna n\u00e4r de passerat stigkr\u00f6ken. Men det kom inga fler, ty patrullen bestod endast av dessa tv\u00e5. N\u00e4r detta stod klart, besl\u00f6t Lagerfelt att f\u00f6lja stigen f\u00f6r att om m\u00f6jligt f\u00e5 en f\u00e5nge p\u00e5 annat s\u00e4tt.<\/p>\n<p>Efter n\u00e5gra hundra meter st\u00f6tte man pl\u00f6tsligt p\u00e5 en korsu med en vakt p\u00e5 taket. Andra ryssar som alarmerats av den tidigare skottlossningen \u00f6ppnade eld i nattm\u00f6rkret samtidigt som \u00f6versergeant Gustav-Adolf Bystr\u00f6m kastade sig \u00f6ver vakten. Lagerfelt skrek &#8221;tillbaka&#8221;, varefter han bistod Bystr\u00f6m. Huvuddelen av den rikssvenska patrullen f\u00f6rsvann bak\u00e5t. Eftersom \u00e5tersamlingsplats inte var utsedd bar det av \u00e4nda till egna linjer, d\u00e4r man med oro lyssnat till den h\u00e4ftiga eldgivningen. Patrullkarlarnas oordnade \u00e5terkomst v\u00e4ckte best\u00f6rtning och deras oklara uppgifter gav inget underlag f\u00f6r ingripande. Men unds\u00e4ttningsstyrkorna gjorde sig redo.<\/p>\n<p>Bystr\u00f6m och Lagerfelt s\u00f6kte sl\u00e4pa korsuvakten med sig. Pl\u00f6tsligt fick denne fram en pistol och avlossade ett skott. I samma \u00f6gonblick f\u00f6ll han skjuten av Lagerfelt, innan denne i sin tur segnade ner tr\u00e4ffad i underlivet av ryssens kula. De kvarvarande rikssvenskarna b\u00f6rjade f\u00f6ra Lagerfelt bak\u00e5t varvid retr\u00e4tten skyddades av eldskurar \u00e5t olika h\u00e5ll i m\u00f6rket, d\u00e4r ryssar sk\u00f6t och skrek. Bystr\u00f6m fick ena handen genomskjuten och \u00f6versergeant Stig Bomgren, lantarbetare fr\u00e5n Nacka, s\u00e5rades av splitter \u00f6ver ena \u00f6gat. Trots detta kunde de tillsammans med \u00f6versergeant Bengt Arosenius, reservofficersaspirant fr\u00e5n Enk\u00f6ping, f\u00f6ra undan Lagerfelt och sergeant Ture L\u00f6nnberg, snickare fr\u00e5n \u00c4lmhult, som trampat p\u00e5 en mina och f\u00e5tt ena foten s\u00f6ndertrasad.<\/p>\n<p>Sedan man p\u00e5kallat hj\u00e4lp fr\u00e5n egna linjer, ryckte en unds\u00e4ttningsstyrka ut och tog hand om de skadade. Klockan halv sex p\u00e5 morgonen var alla tillbaka p\u00e5 den norra sidan av Jandeba. Senare p\u00e5 dagen avled f\u00e4nrik Lagerfelt av sina s\u00e5r. Han blev Avdelta kompaniets f\u00f6rste stupade. L\u00f6nnberg fick benet amputerat. N\u00e5gon f\u00e5nge blev det inte, men p\u00e5f\u00f6ljande natt omh\u00e4ndertogs en rysk \u00f6verl\u00f6pare vid en rikssvensk postering. Han uppgav vid f\u00f6rh\u00f6r att Lagerfelts patrull tillfogat ryssarna en f\u00f6rlust om sammanlagt sex stupade och en s\u00e5rad.<\/p>\n<p><em><strong>Svenska frivilliga i Finland 1939-1944<\/strong><\/em><\/p>\n<\/div><\/section>\n","protected":false},"excerpt":{"rendered":"","protected":false},"author":1,"featured_media":0,"parent":6845,"menu_order":6,"comment_status":"closed","ping_status":"closed","template":"","meta":{"footnotes":""},"class_list":["post-8564","page","type-page","status-publish","hentry"],"yoast_head":"<!-- This site is optimized with the Yoast SEO plugin v27.4 - https:\/\/yoast.com\/product\/yoast-seo-wordpress\/ -->\n<title>Insatser p\u00e5 olika fronter - Veteraanien Perint\u00f6<\/title>\n<meta name=\"robots\" content=\"index, follow, max-snippet:-1, max-image-preview:large, max-video-preview:-1\" \/>\n<link rel=\"canonical\" href=\"https:\/\/veteraanienperinto.fi\/index.php\/sv\/infobank\/berattelser-info\/utlandska-frivilliga-i-finland\/insatser-pa-olika-fronter\/\" \/>\n<meta property=\"og:locale\" content=\"fi_FI\" \/>\n<meta property=\"og:type\" content=\"article\" \/>\n<meta property=\"og:title\" content=\"Insatser p\u00e5 olika fronter - Veteraanien Perint\u00f6\" \/>\n<meta property=\"og:url\" content=\"https:\/\/veteraanienperinto.fi\/index.php\/sv\/infobank\/berattelser-info\/utlandska-frivilliga-i-finland\/insatser-pa-olika-fronter\/\" \/>\n<meta property=\"og:site_name\" content=\"Veteraanien Perint\u00f6\" \/>\n<meta property=\"og:image\" content=\"https:\/\/veteraanienperinto.fi\/wp-content\/uploads\/2020\/12\/insatser1-294x300.jpg\" \/>\n<meta name=\"twitter:card\" content=\"summary_large_image\" \/>\n<meta name=\"twitter:label1\" content=\"Arvioitu lukuaika\" \/>\n\t<meta name=\"twitter:data1\" content=\"9 minuuttia\" \/>\n<script type=\"application\/ld+json\" class=\"yoast-schema-graph\">{\"@context\":\"https:\\\/\\\/schema.org\",\"@graph\":[{\"@type\":\"WebPage\",\"@id\":\"https:\\\/\\\/veteraanienperinto.fi\\\/index.php\\\/sv\\\/infobank\\\/berattelser-info\\\/utlandska-frivilliga-i-finland\\\/insatser-pa-olika-fronter\\\/\",\"url\":\"https:\\\/\\\/veteraanienperinto.fi\\\/index.php\\\/sv\\\/infobank\\\/berattelser-info\\\/utlandska-frivilliga-i-finland\\\/insatser-pa-olika-fronter\\\/\",\"name\":\"Insatser p\u00e5 olika fronter - Veteraanien Perint\u00f6\",\"isPartOf\":{\"@id\":\"https:\\\/\\\/veteraanienperinto.fi\\\/#website\"},\"primaryImageOfPage\":{\"@id\":\"https:\\\/\\\/veteraanienperinto.fi\\\/index.php\\\/sv\\\/infobank\\\/berattelser-info\\\/utlandska-frivilliga-i-finland\\\/insatser-pa-olika-fronter\\\/#primaryimage\"},\"image\":{\"@id\":\"https:\\\/\\\/veteraanienperinto.fi\\\/index.php\\\/sv\\\/infobank\\\/berattelser-info\\\/utlandska-frivilliga-i-finland\\\/insatser-pa-olika-fronter\\\/#primaryimage\"},\"thumbnailUrl\":\"https:\\\/\\\/veteraanienperinto.fi\\\/wp-content\\\/uploads\\\/2020\\\/12\\\/insatser1-294x300.jpg\",\"datePublished\":\"2020-12-18T14:43:31+00:00\",\"breadcrumb\":{\"@id\":\"https:\\\/\\\/veteraanienperinto.fi\\\/index.php\\\/sv\\\/infobank\\\/berattelser-info\\\/utlandska-frivilliga-i-finland\\\/insatser-pa-olika-fronter\\\/#breadcrumb\"},\"inLanguage\":\"fi\",\"potentialAction\":[{\"@type\":\"ReadAction\",\"target\":[\"https:\\\/\\\/veteraanienperinto.fi\\\/index.php\\\/sv\\\/infobank\\\/berattelser-info\\\/utlandska-frivilliga-i-finland\\\/insatser-pa-olika-fronter\\\/\"]}]},{\"@type\":\"ImageObject\",\"inLanguage\":\"fi\",\"@id\":\"https:\\\/\\\/veteraanienperinto.fi\\\/index.php\\\/sv\\\/infobank\\\/berattelser-info\\\/utlandska-frivilliga-i-finland\\\/insatser-pa-olika-fronter\\\/#primaryimage\",\"url\":\"https:\\\/\\\/veteraanienperinto.fi\\\/wp-content\\\/uploads\\\/2020\\\/12\\\/insatser1.jpg\",\"contentUrl\":\"https:\\\/\\\/veteraanienperinto.fi\\\/wp-content\\\/uploads\\\/2020\\\/12\\\/insatser1.jpg\",\"width\":500,\"height\":510,\"caption\":\"Aunus- och Karelska n\u00e4set j\u00e4rnv\u00e4gen mellan Pitk\u00e4ranta och M\u00e4kria byggdes av finl\u00e4ndarna under kriget och blev f\u00e4rdig 1943.\"},{\"@type\":\"BreadcrumbList\",\"@id\":\"https:\\\/\\\/veteraanienperinto.fi\\\/index.php\\\/sv\\\/infobank\\\/berattelser-info\\\/utlandska-frivilliga-i-finland\\\/insatser-pa-olika-fronter\\\/#breadcrumb\",\"itemListElement\":[{\"@type\":\"ListItem\",\"position\":1,\"name\":\"Etusivu\",\"item\":\"https:\\\/\\\/veteraanienperinto.fi\\\/index.php\\\/etusivu-2\\\/\"},{\"@type\":\"ListItem\",\"position\":2,\"name\":\"Infobank\",\"item\":\"https:\\\/\\\/veteraanienperinto.fi\\\/index.php\\\/sv\\\/infobank\\\/\"},{\"@type\":\"ListItem\",\"position\":3,\"name\":\"Ber\u00e4ttelser\",\"item\":\"https:\\\/\\\/veteraanienperinto.fi\\\/index.php\\\/sv\\\/infobank\\\/berattelser-info\\\/\"},{\"@type\":\"ListItem\",\"position\":4,\"name\":\"Utl\u00e4ndska frivilliga i Finland\",\"item\":\"https:\\\/\\\/veteraanienperinto.fi\\\/index.php\\\/sv\\\/infobank\\\/berattelser-info\\\/utlandska-frivilliga-i-finland\\\/\"},{\"@type\":\"ListItem\",\"position\":5,\"name\":\"Insatser p\u00e5 olika fronter\"}]},{\"@type\":\"WebSite\",\"@id\":\"https:\\\/\\\/veteraanienperinto.fi\\\/#website\",\"url\":\"https:\\\/\\\/veteraanienperinto.fi\\\/\",\"name\":\"Veteraanien Perint\u00f6\",\"description\":\"Kadettikunta\",\"potentialAction\":[{\"@type\":\"SearchAction\",\"target\":{\"@type\":\"EntryPoint\",\"urlTemplate\":\"https:\\\/\\\/veteraanienperinto.fi\\\/?s={search_term_string}\"},\"query-input\":{\"@type\":\"PropertyValueSpecification\",\"valueRequired\":true,\"valueName\":\"search_term_string\"}}],\"inLanguage\":\"fi\"}]}<\/script>\n<!-- \/ Yoast SEO plugin. -->","yoast_head_json":{"title":"Insatser p\u00e5 olika fronter - Veteraanien Perint\u00f6","robots":{"index":"index","follow":"follow","max-snippet":"max-snippet:-1","max-image-preview":"max-image-preview:large","max-video-preview":"max-video-preview:-1"},"canonical":"https:\/\/veteraanienperinto.fi\/index.php\/sv\/infobank\/berattelser-info\/utlandska-frivilliga-i-finland\/insatser-pa-olika-fronter\/","og_locale":"fi_FI","og_type":"article","og_title":"Insatser p\u00e5 olika fronter - Veteraanien Perint\u00f6","og_url":"https:\/\/veteraanienperinto.fi\/index.php\/sv\/infobank\/berattelser-info\/utlandska-frivilliga-i-finland\/insatser-pa-olika-fronter\/","og_site_name":"Veteraanien Perint\u00f6","og_image":[{"url":"https:\/\/veteraanienperinto.fi\/wp-content\/uploads\/2020\/12\/insatser1-294x300.jpg","type":"","width":"","height":""}],"twitter_card":"summary_large_image","twitter_misc":{"Arvioitu lukuaika":"9 minuuttia"},"schema":{"@context":"https:\/\/schema.org","@graph":[{"@type":"WebPage","@id":"https:\/\/veteraanienperinto.fi\/index.php\/sv\/infobank\/berattelser-info\/utlandska-frivilliga-i-finland\/insatser-pa-olika-fronter\/","url":"https:\/\/veteraanienperinto.fi\/index.php\/sv\/infobank\/berattelser-info\/utlandska-frivilliga-i-finland\/insatser-pa-olika-fronter\/","name":"Insatser p\u00e5 olika fronter - Veteraanien Perint\u00f6","isPartOf":{"@id":"https:\/\/veteraanienperinto.fi\/#website"},"primaryImageOfPage":{"@id":"https:\/\/veteraanienperinto.fi\/index.php\/sv\/infobank\/berattelser-info\/utlandska-frivilliga-i-finland\/insatser-pa-olika-fronter\/#primaryimage"},"image":{"@id":"https:\/\/veteraanienperinto.fi\/index.php\/sv\/infobank\/berattelser-info\/utlandska-frivilliga-i-finland\/insatser-pa-olika-fronter\/#primaryimage"},"thumbnailUrl":"https:\/\/veteraanienperinto.fi\/wp-content\/uploads\/2020\/12\/insatser1-294x300.jpg","datePublished":"2020-12-18T14:43:31+00:00","breadcrumb":{"@id":"https:\/\/veteraanienperinto.fi\/index.php\/sv\/infobank\/berattelser-info\/utlandska-frivilliga-i-finland\/insatser-pa-olika-fronter\/#breadcrumb"},"inLanguage":"fi","potentialAction":[{"@type":"ReadAction","target":["https:\/\/veteraanienperinto.fi\/index.php\/sv\/infobank\/berattelser-info\/utlandska-frivilliga-i-finland\/insatser-pa-olika-fronter\/"]}]},{"@type":"ImageObject","inLanguage":"fi","@id":"https:\/\/veteraanienperinto.fi\/index.php\/sv\/infobank\/berattelser-info\/utlandska-frivilliga-i-finland\/insatser-pa-olika-fronter\/#primaryimage","url":"https:\/\/veteraanienperinto.fi\/wp-content\/uploads\/2020\/12\/insatser1.jpg","contentUrl":"https:\/\/veteraanienperinto.fi\/wp-content\/uploads\/2020\/12\/insatser1.jpg","width":500,"height":510,"caption":"Aunus- och Karelska n\u00e4set j\u00e4rnv\u00e4gen mellan Pitk\u00e4ranta och M\u00e4kria byggdes av finl\u00e4ndarna under kriget och blev f\u00e4rdig 1943."},{"@type":"BreadcrumbList","@id":"https:\/\/veteraanienperinto.fi\/index.php\/sv\/infobank\/berattelser-info\/utlandska-frivilliga-i-finland\/insatser-pa-olika-fronter\/#breadcrumb","itemListElement":[{"@type":"ListItem","position":1,"name":"Etusivu","item":"https:\/\/veteraanienperinto.fi\/index.php\/etusivu-2\/"},{"@type":"ListItem","position":2,"name":"Infobank","item":"https:\/\/veteraanienperinto.fi\/index.php\/sv\/infobank\/"},{"@type":"ListItem","position":3,"name":"Ber\u00e4ttelser","item":"https:\/\/veteraanienperinto.fi\/index.php\/sv\/infobank\/berattelser-info\/"},{"@type":"ListItem","position":4,"name":"Utl\u00e4ndska frivilliga i Finland","item":"https:\/\/veteraanienperinto.fi\/index.php\/sv\/infobank\/berattelser-info\/utlandska-frivilliga-i-finland\/"},{"@type":"ListItem","position":5,"name":"Insatser p\u00e5 olika fronter"}]},{"@type":"WebSite","@id":"https:\/\/veteraanienperinto.fi\/#website","url":"https:\/\/veteraanienperinto.fi\/","name":"Veteraanien Perint\u00f6","description":"Kadettikunta","potentialAction":[{"@type":"SearchAction","target":{"@type":"EntryPoint","urlTemplate":"https:\/\/veteraanienperinto.fi\/?s={search_term_string}"},"query-input":{"@type":"PropertyValueSpecification","valueRequired":true,"valueName":"search_term_string"}}],"inLanguage":"fi"}]}},"_links":{"self":[{"href":"https:\/\/veteraanienperinto.fi\/index.php\/wp-json\/wp\/v2\/pages\/8564","targetHints":{"allow":["GET"]}}],"collection":[{"href":"https:\/\/veteraanienperinto.fi\/index.php\/wp-json\/wp\/v2\/pages"}],"about":[{"href":"https:\/\/veteraanienperinto.fi\/index.php\/wp-json\/wp\/v2\/types\/page"}],"author":[{"embeddable":true,"href":"https:\/\/veteraanienperinto.fi\/index.php\/wp-json\/wp\/v2\/users\/1"}],"replies":[{"embeddable":true,"href":"https:\/\/veteraanienperinto.fi\/index.php\/wp-json\/wp\/v2\/comments?post=8564"}],"version-history":[{"count":2,"href":"https:\/\/veteraanienperinto.fi\/index.php\/wp-json\/wp\/v2\/pages\/8564\/revisions"}],"predecessor-version":[{"id":8569,"href":"https:\/\/veteraanienperinto.fi\/index.php\/wp-json\/wp\/v2\/pages\/8564\/revisions\/8569"}],"up":[{"embeddable":true,"href":"https:\/\/veteraanienperinto.fi\/index.php\/wp-json\/wp\/v2\/pages\/6845"}],"wp:attachment":[{"href":"https:\/\/veteraanienperinto.fi\/index.php\/wp-json\/wp\/v2\/media?parent=8564"}],"curies":[{"name":"wp","href":"https:\/\/api.w.org\/{rel}","templated":true}]}}