{"id":8855,"date":"2020-12-21T15:07:11","date_gmt":"2020-12-21T15:07:11","guid":{"rendered":"https:\/\/veteraani.ylirotu.fi\/?page_id=8855"},"modified":"2020-12-28T14:03:46","modified_gmt":"2020-12-28T14:03:46","slug":"inferno-i-vinterkriget","status":"publish","type":"page","link":"https:\/\/veteraanienperinto.fi\/index.php\/sv\/vinterkriget\/vinterkrigets-berattelser\/kriget\/storanfallet-pa-naset\/inferno-i-vinterkriget\/","title":{"rendered":"Inferno i vinterkriget"},"content":{"rendered":"\n<style type=\"text\/css\" data-created_by=\"avia_inline_auto\" id=\"style-css-av-kiyoz8f0-75911d2819cc011ab66f41517cf5479a\">\n#top .av-special-heading.av-kiyoz8f0-75911d2819cc011ab66f41517cf5479a{\npadding-bottom:10px;\n}\nbody .av-special-heading.av-kiyoz8f0-75911d2819cc011ab66f41517cf5479a .av-special-heading-tag .heading-char{\nfont-size:25px;\n}\n.av-special-heading.av-kiyoz8f0-75911d2819cc011ab66f41517cf5479a .av-subheading{\nfont-size:15px;\n}\n<\/style>\n<div  class='av-special-heading av-kiyoz8f0-75911d2819cc011ab66f41517cf5479a av-special-heading-h3  avia-builder-el-0  el_before_av_textblock  avia-builder-el-first '><h3 class='av-special-heading-tag'  itemprop=\"headline\"  >Inferno i vinterkriget<\/h3><div class=\"special-heading-border\"><div class=\"special-heading-inner-border\"><\/div><\/div><\/div>\n<section  class='av_textblock_section av-kek0ol8w-0f04af88ec907b2c66cea4bf3dbe1d4c '   itemscope=\"itemscope\" itemtype=\"https:\/\/schema.org\/CreativeWork\" ><div class='avia_textblock'  itemprop=\"text\" ><p><strong>Jarl Gall\u00e9n: Tionde regementet:<\/strong><\/p>\n<p>Den ryska verksamheten b\u00f6rjade vid halv niotiden p\u00e5 morgonen med en trumeld av h\u00e4ftigaste slag, riktad mot st\u00e4llningarna p\u00e5 Lingonet och p\u00e5 b\u00e5da sidorna d\u00e4rom. Framf\u00f6r allt Karhu blev illa utsatt. Vid Hamsterbo och Varglyan kommo nedslagen lyckligtvis bakom skyttegravarna. Det enda \u00e5terst\u00e5ende t\u00e4ltet i Laxen fick en fulltr\u00e4ff som d\u00f6dade och s\u00e5rade n\u00e5gra man. Reservf\u00e4nrik H\u00f6ckert b\u00f6rjade f\u00f6rbinda sin granne, som f\u00e5tt en sk\u00e4rva i kroppen, men avbr\u00f6ts av en ny skr\u00e4ll, som d\u00f6dade kamraten, \u00e5ter utan att s\u00e5ra H\u00f6ckert. Granaterna haglade ett hundratal i minuten. En n\u00e4rmare beskrivning skulle verka upprepning.<\/p>\n<p>Trumelden p\u00e5gick i \u00f6ver tv\u00e5 timmar och f\u00f6ljdes av ett intensivt luftbombardemang. D\u00e4rp\u00e5 flyttades artillerielden bak\u00e5t som sp\u00e4rreld bakom st\u00e4llningarna, och s\u00e5 gick fienden efter m\u00e5nga och l\u00e5nga tal till anfall. Telefonf\u00f6rbindelserna till Marjapellonm\u00e4ki avbr\u00f6tos redan tidigt p\u00e5 morgonen och kunde icke \u00e5terst\u00e4llas, trots felpatrullernas bem\u00f6danden. Ledningarna backades formligen i bitar av granaterna, En flygbomb demolerade I P:s centralkorsu Rys\u00e4 och satte d\u00e4rmed kronan p\u00e5 f\u00f6rst\u00f6relseverket.<\/p>\n<p>Det egna artilleriet sk\u00f6t f\u00f6rsta g\u00e5ngen sp\u00e4rr i skogshalsen klockan 9,30. En timme senare ramlade \u00bbEetu\u00bb och \u00bbKivi\u00bb p\u00e5 nytt ned \u00f6ver de framryckande ryssarna. De hejdades f\u00f6r ett \u00f6gonblick, men nya kompanier tr\u00e4ngde p\u00e5, och anfallet gick l\u00f6st p\u00e5 en front av \u00f6ver tv\u00e5 kilometer mot Laxen, Lingonet och Leo. Styrkan utgjorde troligtvis ett regemente. Samtidigt br\u00f6to pansarvagnarna fram ur F\u00e5gels\u00e5ngen p\u00e5 den tidigare uppk\u00f6rda v\u00e4gen mot Karhu. Fr\u00e5n andra sidan Ty\u00f6pp\u00f6l\u00e4njoki underst\u00f6ddes anfallet av direkt skjutande artilleri. Och \u00f6ver Haukij\u00e4rvi, Solkasuo, Karhula by l\u00e5g sp\u00e4rrelden med m\u00f6rdande kraft.<\/p>\n<p>Vid middagstiden b\u00f6rjade l\u00e4get utveckla sig till kris. De ryska tanksen tr\u00e4ngde genom hindret framf\u00f6r Karhu och k\u00f6rde \u00e4nda fram till skyttegravarna, som de bestr\u00f6ko med sin eld. Pansarv\u00e4rnskanonen begravdes av en artillerifulltr\u00e4ff. D\u00e4refter voro tanksen herrar p\u00e5 t\u00e4ppan. Fyra stora vagnar utrustade med flamkastare k\u00f6rde l\u00e4ngs skyttegravarna. Endast tre man \u00e5terstodo slutligen os\u00e5rade i den h\u00f6gra plutonen. Den bataljon som anf\u00f6ll \u00f6ver Ty\u00f6pp\u00f6l\u00e4njoki motades framf\u00f6r Leo men lyckades med pansarvagnarnas hj\u00e4lp uppn\u00e5 skogsbrynet vid Karhu. St\u00f6djepunktens ena maskingev\u00e4r f\u00f6rst\u00f6rdes, servisen stupade, ammunitionsnischerna murades igen, gravarna fylldes av lik. Backsluttningen var kalskjuten, n\u00e5gon tillf\u00f6rsel kunde det icke vara tal om; i sm\u00e5 grupper drogo sig spillrorna av de tv\u00e5 plutonerna tillbaka.<\/p>\n<p>F\u00f6rmiddagens anfall mot Laxen och Varglyan avv\u00e4rjdes j\u00e4mf\u00f6relsevis l\u00e4tt av det egna artilleriet. P\u00e5 dagen satte ryssarna in sitt anfall med f\u00f6rnyad styrka. Femton tanks rullade fram ur F\u00e5gels\u00e5ngen mot s\u00f6mmen mellan Laxen och Lingonet. Pansarv\u00e4rnskanonen i Varglyan arbetade f\u00f6r fullt. Sex ryska vagnar hejdades redan utanf\u00f6r stenhindret, men \u00e5tta bestar br\u00f6to in i v\u00e5ra linjer. \u00c5ter avf\u00e4rdade pansarv\u00e4rnskanonen fyra tanks, men fyra odjur fortsatte genom den s\u00f6nderskjutna sn\u00e5rskogen mot Solkasuo. De k\u00f6rde \u00f6ver skyttegravarnas el\u00e4ndiga rester, ett par man som l\u00e5go i gropar s\u00e5go vagnarna rulla \u00f6ver sina huvuden. Det anfallande infanteriet avv\u00e4rjdes b\u00e5de h\u00e4r och n\u00e4rmare Kinnassaari med artilleri- och granatkastareld.<\/p>\n<p>Striden p\u00e5gick till skymningen. P\u00e5 Laxens v\u00e4nstra flygel jagade II P:s tanksd\u00f6dare de vagnar som brutit sig in. D\u00e5 m\u00f6rkret f\u00f6ll, voro \u00e4nnu tv\u00e5 vagnar \u00bbvid liv\u00bb. Den ena, en stor Christievagn, \u00f6vergavs av sitt manskap. Med den andra g\u00e5vo sig reservf\u00e4nrik Gunnar H\u00f6ckert och undersergeant Frej Lindholm i kast, d\u00e5 den pl\u00f6tsligt gjorde ett f\u00f6rs\u00f6k att rymma. Lindholm hoppade upp p\u00e5 vagnen, medan H\u00f6ckert springande bredvid. r\u00e4ckte honom en trotylladdning, som gjorde slut p\u00e5 dess framfart. Bes\u00e4ttningen s\u00f6kte undkomma; det blev skottv\u00e4xling. Sergeant Porvali fr\u00e5n 2. Er. K kom med i leken. En ryss blev skjuten och en annan, en ung sergeant, blev tillf\u00e5ngatagen. \u00c4nnu f\u00f6ljande dag hittades ett par ryssar som l\u00e5go och tryckte i en grop, f\u00f6rvirrade och halvt ihj\u00e4lfrusna. Slutet var att tre vagnar f\u00f6rst\u00f6rdes, medan den fj\u00e4rde togs oskadad. Vagnarna tillh\u00f6rde 1. tanksbataljonen och 361. avdelta tankskompaniet, det senare en gammal bekant, som i december \u00e4nnu hade batalions styrka. Bland de stupade var en batterichef, som f\u00f6ljt med f\u00f6r att per radio leda artilleriets eld.<\/p>\n<p>D\u00e5 alarmrapporterna fr\u00e5n f\u00f6rsta linjen vid middagstiden n\u00e5dde kapten Kronl\u00f6fs stab, s\u00e4nde denne 3. K:s tv\u00e5 reservplutoner ned till Lingon. Med dessa f\u00f6ljde l\u00f6jtnant Kavander, som fick order att taga ledningen p\u00e5 backen och organisera en motst\u00f6t, om ryssarna gjort inbrytning. Fr\u00e5n Leo skickades reservf\u00e4nrik Berndt Aminoff med en pluton av kompani L\u00f6f. V\u00e4gsk\u00e4let vid Karhula s\u00e4krades av 3. K:s f\u00f6rr\u00e4ttningsmanskap under f\u00e4ltv\u00e4bel Wallenius, som dock inom kort blev sv\u00e5rt s\u00e5rad av en granatsk\u00e4rva.<\/p>\n<p>Ocks\u00e5 RE hade alarmerats av artillerielden och ljudet av pansarvagnarna, innan de oklara och delvis \u00f6verdrivna rapporterna anl\u00e4nde framifr\u00e5n. Bataljon Lassenius, som knappt \u00e5tnjutit tv\u00e5 dygns vila efter sina h\u00e5rda strider, fick order av major Wiberg att h\u00e5lla sig beredd. F\u00f6rsta vilodagen hade badstun i Kaijala eldats, men ingen hade orkat bada. Samma dag kom det kompletteringsmanskap fr\u00e5n Bj\u00f6rk\u00f6, som fyllde ut de glesnade lederna. Nu var det kokta fl\u00e4sket \u00e5ter stekt.<\/p>\n<p>L\u00e4get var l\u00e4nge oklart. Telefonf\u00f6rbindelserna voro avbrutna, och till r\u00e5ga p\u00e5 olyckan tystnade artilleriets radio p\u00e5 Marjapellonm\u00e4ki. Sedan kapten Sonck p\u00e5 dagen rapporterat om inbrytningen i Laxen, anh\u00f6ll major Wiberg om f\u00f6rst\u00e4rkning av sina antitanksvapen. D\u00e4rp\u00e5 skickade han spaningsofficeren med bil ned till Karhula v\u00e4gsk\u00e4l f\u00f6r att klarl\u00e4gga l\u00e4get och ordna en sp\u00e4rr mot vagnar som eventuellt brutit sig igenom.<\/p>\n<p>Tillf\u00e4llet \u00e4r belysande f\u00f6r huru olika en situation ter sig i en stab och i linjen, d\u00e5 f\u00f6rbindelserna svika. Bilen k\u00f6rde \u00e4nda ned till Karhula by, d\u00e4r den fick v\u00e4nda och stanna bakom en backe. H\u00e4r nere s\u00e5g det j\u00e4mf\u00f6relsevis lugnt ut. En f\u00e4ltkanon hade g\u00e5tt i st\u00e4llning vid andelshandeln. Den ryska artillerielden hade f\u00f6r tillf\u00e4llet n\u00e5got saktat av, men p\u00e5 andra sidan sl\u00e4tten skar ljudet av tanksmotorer genom luften. P\u00e5 v\u00e4gen genom byn m\u00f6tte s\u00e5rade, somliga i sl\u00e4de, andra till fots. Landsv\u00e4gsbron i Karhula var minerad och brovakten stod p\u00e5 sin plats. En vackert svarvad \u00e5ttatums sotare l\u00e5g fredligt just vid v\u00e4gkanten. Tunga ryska granater f\u00f6llo ned p\u00e5 sl\u00e4tten, men sj\u00e4lva v\u00e4gen var f\u00f6r tillf\u00e4llet fredad. Vid kompani L\u00f6f hade anfallen avv\u00e4rjts, och riktningen mot Lingonet var s\u00e4krad med maskingev\u00e4r och taggtr\u00e5dscylindrar.<\/p>\n<p>I detsamma k\u00f6rde ett par sjuksl\u00e4dar fram p\u00e5 v\u00e4g till Marjapellonm\u00e4ki. Den ryska sp\u00e4rrelden l\u00e5g mellan Leo och Lingon, men de raska k\u00f6rkarlarna piskade sina h\u00e4star, och i ett huj bar det av \u00f6ver granatgropar och f\u00e4llda tr\u00e4d. Ocks\u00e5 i kommandokorsun p\u00e5 Marjapellonm\u00e4ki tog man saken relativt lugnt. Till h\u00f6ger var fienden snart likviderad, endast ett par tanks brummade \u00e4nnu i sn\u00e5rskogen. I Karhu hade ryssarna d\u00e4remot ohj\u00e4lpligen bitit sig fast, men backsluttningen var s\u00e4krad. En pansarv\u00e4rnskanon hade hastigt bragts i st\u00e4llning vid backens nordv\u00e4stra \u00e4nda och redan avf\u00e4rdat fem vagnar. L\u00f6jtnant Lauhiala, divisionens pansarv\u00e4rnsofficer, var sj\u00e4lv p\u00e5 platsen med n\u00e5gra spr\u00e4nggrupper fr\u00e5n 2. Er. K och ett par Vickersgev\u00e4r.<\/p>\n<p>Alarmbuden kallade ocks\u00e5 kapten Kronl\u00f6f genom sp\u00e4rrelden ned till Marjapellonm\u00e4ki. Det g\u00e4llde att kasta ut ryssarna innan de hunnit f\u00f6rbereda sig f\u00f6r att taga emot en motst\u00f6t. Utan att inv\u00e4nta f\u00f6rst\u00e4rkningar fick l\u00f6jtnant Kavander order att g\u00e5 till anfall. Klockan var 17, skymningen b\u00f6rjade falla. Hans styrka bestod av delar av bataljonens samtliga kompanier, plutonerna Nyberg, Aminoff, Karling och Karsten, inalles omkring 80 man. Ett maskingev\u00e4r underst\u00f6dde p\u00e5 vardera flanken. Kavander grupperade sitt folk i Lingonets norra del. Hans avsikt var att st\u00f6ta mot sydost, genom den lilla skogsdunge, som \u00e4nnu fanns kvar p\u00e5 denna sida. En brinnande pansarvagn angav riktningen. Sj\u00e4lva backsluttningen s\u00e4krades under tiden av reservf\u00e4nrik Lindroos med ett maskingev\u00e4r och en handfull gev\u00e4rsskyttar.<\/p>\n<p>Anfallet gick med fart, trots att m\u00e4nnen voro uttr\u00f6ttade. Skogsdungen var full av ryssar, som mejades ned med maskinpistolerna och i vild flykt drevos ut p\u00e5 f\u00e4ltet. I sina m\u00f6rka, l\u00e5nga kaftaner plumsade de om varandra i sn\u00f6n som r\u00e5ttor och blevo nedskjutna hopvis. De v\u00e5ra rusade i sin iver \u00e4nda ut i skogsbrynet, tills de hamnade in bland egna minor. H\u00e4r s\u00e5rades reservf\u00e4nrik Karsten och ett par man stupade. Mera till h\u00f6ger gick anfallet vidare mot Karhu. St\u00f6djepunkten erbj\u00f6d ett hemskt sceneri med brinnande tanks, kullst\u00f6rtade tr\u00e4d, svarta granatgropar och h\u00f6gar av lik. Ryssarna l\u00e5go \u00f6verallt som m\u00f6rka bylten, det var sv\u00e5rt att skilja de levande fr\u00e5n de d\u00f6da. Maskinpistolerna knattrade. Somliga \u00bbd\u00f6da\u00bb vaknade till liv och togos till f\u00e5nga. L\u00f6jtnant Kavander rusade sj\u00e4lv ned i skyttegraven och avf\u00e4rdade tre fiender. En rysk officer kom emot honom vapenl\u00f6s och gav sig. Nio maskingev\u00e4r och tv\u00e5 infanterikanoner blevo tagna.<\/p>\n<p>Officeren och nio man, alla fr\u00e5n JR 513, utom en, som tillh\u00f6rde JR 725, transporterades bort som f\u00e5ngar. M\u00e4nnen voro ukrainare, d\u00f6dligt f\u00f6rskr\u00e4ckta genom politrukernas skildringar av det \u00f6de som v\u00e4ntade dem, men glada och hj\u00e4rtliga d\u00e5 de f\u00e5tt m\u00e4nsklig behandling. Officeren var en jude fr\u00e5n Kiev, en osympatisk typ, som envist v\u00e4grade att tro att han icke skulle bli skjuten.<\/p>\n<p>Rensningen av terr\u00e4ngen drog i m\u00f6rkret ut p\u00e5 tiden. Uppenbarligen blevo ryssar kvar i granatgroparna \u00e5t Hamsterboh\u00e5llet. En falsk rapport gav dock vid handen att Karhu var rensat. M\u00e4nnen voro s\u00e5 uttr\u00f6ttade att de knappt kunde st\u00e5 p\u00e5 benen. Tv\u00e5 ryska tanks h\u00f6llo till strax utanf\u00f6r skogsbrynet och f\u00f6rsv\u00e5rade terr\u00e4ngens genoms\u00f6kande med sin eld. Reservf\u00e4nrik Aminoff l\u00e4mnades slutligen med tjugo man som s\u00e4kring, resten drogs tillbaka i vila. Pansarv\u00e4rnskanonerna h\u00f6llos i st\u00e4llning p\u00e5 backsluttningen, och den kavate sergeant Porvali stannade med en pluton av 2. Er. K p\u00e5 Lingonet som n\u00e4rv\u00e4rn. Senare p\u00e5 kv\u00e4llen anl\u00e4nde slutligen den f\u00f6rsta av III P:s enheter, kompani Forsberg, som av regementskommend\u00f6ren st\u00e4llts till kapten Kronl\u00f6fs f\u00f6rfogande.<\/p>\n<p>L\u00e4gets utveckling under aftonens lopp skall v\u00e4l aldrig bli helt klarlagd. De f\u00f6reg\u00e5ende dagarnas p\u00e5frestningar, de stora f\u00f6rlusterna, bristen p\u00e5 regelbunden f\u00f6da, tr\u00f6ttheten, k\u00f6lden, m\u00f6rkret voro orsaken h\u00e4rtill. Faktum \u00e4r att ryssarna i skydd av natten och st\u00f6dda av tanks p\u00e5 nytt gingo \u00f6ver f\u00e4ltet och tr\u00e4ngde in i st\u00f6djepunkten. Reservf\u00e4nrik Forsberg fick order att \u00e5nyo rensa Karhu.<\/p>\n<p>Efter en kort granatkastarf\u00f6rberedelse verkst\u00e4llde 9. K sin aktion ett par timmar efter midnatt. Kompaniet, som r\u00e4knade en stridsstyrka av 70 man, gick fram fr\u00e5n backsluttningen \u00f6ver den fyrkantiga \u00e4ngen och mot nordost. Till v\u00e4nster ansl\u00f6t sig reservf\u00e4nrik Aminoff med sina m\u00e4n.<\/p>\n<p>Forsberg rensade med I plutonen skyttegraven fr\u00e5n h\u00f6ger \u00e4nda ut till udden. Aminoff tr\u00e4ngde fram i graven fr\u00e5n v\u00e4nster. Ryssarna voro rikligt f\u00f6rsedda med automatvapen och pansarvagnarna l\u00e5go kvar, st\u00f6djande dem med sin eld. En vagn upptr\u00e4dde i m\u00f6rkret med sl\u00e4ckta lyktor mitt bland de v\u00e5ra. Det blev ett vilt skjutande och slaktande i denna skr\u00e4cknatt. En av de f\u00f6rsta som f\u00f6llo var den tappre undersergeant Inge Hild\u00e9n. De v\u00e5ra avancerade fr\u00e5n grop till grop, trampade \u00f6ver br\u00e5te och lik. Manskapskorsun och en maskingev\u00e4rskorsu voro fyllda av ryssar. H\u00e4r stupade plutonchefen, undersergeant Kevin. Undersergeant G. Damstedt kastade handgranater in i korsun och var den fr\u00e4mste i handgem\u00e4nget.<\/p>\n<p>Kolvar och bajonetter kommo f\u00f6r eng\u00e5ngs skull till anv\u00e4ndning. Damstedt er\u00f6vrade ett maskingev\u00e4r, endast f\u00f6r att finna att l\u00e5set var borta. Tre granatkastare och tv\u00e5 maskingev\u00e4r togos ytterligare i striden. Tio d\u00f6da och sjutton s\u00e5rade var denna natts sk\u00f6rd i kompaniet. Slutligen blev motst\u00e5ndet f\u00f6r starkt. Fienden v\u00e4rjde sig med yttersta seghet. Efter n\u00e5gon tid b\u00f6rjade ammunitionen tryta f\u00f6r de v\u00e5ra. I m\u00f6rkret var det om\u00f6jligt att taga vara p\u00e5 de stupades patroner, och magasinen till automatvapnen gingo f\u00f6rlorade. Fr\u00e5n fiendesidan str\u00f6mmade f\u00f6rst\u00e4rkningar in, v\u00e5g efter v\u00e5g, trots de f\u00f6rluster som v\u00e5rt eget artilleri anst\u00e4llde bland dem. Reservf\u00e4nrik Forsberg n\u00f6dgades till slut draga sitt kompani tillbaka i st\u00e4llningar p\u00e5 backsluttningen.<\/p>\n<p>Det skulle f\u00f6ra f\u00f6r l\u00e5ngt att g\u00e5 in p\u00e5 alla enskildheter i denna kamp. D\u00e5 dagen br\u00f6t in den 10 februari var Karhu o\u00e5terkalleligt i ryska h\u00e4nder. Kompani Forsberg \u00e5terv\u00e4nde, &#8221;totalt slutk\u00f6rt&#8221;, som krigsdagboken f\u00f6rm\u00e4ler, till sin vilof\u00f6rl\u00e4ggning. Kompanichefen hade sj\u00e4lv s\u00e5rats och reservl\u00f6jtnant Erik Halmc fr\u00e5n 7.K \u00f6vertoge truppen. Reservf\u00e4nrik Aminoff hade under nattstriden blivit kringr\u00e4nd, slagit sig igenom och kom med tre man tillbaka till Leo. Bland de sv\u00e5rt s\u00e5rade var den svenske frivillige undersergeanten G\u00f6sta Hallberg-Kuula. Ocks\u00e5 p\u00e5 Leo hade artillerielden kr\u00e4vt f\u00f6rluster.<\/p>\n<\/div><\/section>\n","protected":false},"excerpt":{"rendered":"","protected":false},"author":1,"featured_media":0,"parent":5612,"menu_order":2,"comment_status":"closed","ping_status":"closed","template":"","meta":{"footnotes":""},"class_list":["post-8855","page","type-page","status-publish","hentry"],"yoast_head":"<!-- This site is optimized with the Yoast SEO plugin v27.5 - https:\/\/yoast.com\/product\/yoast-seo-wordpress\/ -->\n<title>Inferno i vinterkriget - Veteraanien Perint\u00f6<\/title>\n<meta name=\"robots\" content=\"index, follow, max-snippet:-1, max-image-preview:large, max-video-preview:-1\" \/>\n<link rel=\"canonical\" href=\"https:\/\/veteraanienperinto.fi\/index.php\/sv\/vinterkriget\/vinterkrigets-berattelser\/kriget\/storanfallet-pa-naset\/inferno-i-vinterkriget\/\" \/>\n<meta property=\"og:locale\" content=\"fi_FI\" \/>\n<meta property=\"og:type\" content=\"article\" \/>\n<meta property=\"og:title\" content=\"Inferno i vinterkriget - Veteraanien Perint\u00f6\" \/>\n<meta property=\"og:url\" content=\"https:\/\/veteraanienperinto.fi\/index.php\/sv\/vinterkriget\/vinterkrigets-berattelser\/kriget\/storanfallet-pa-naset\/inferno-i-vinterkriget\/\" \/>\n<meta property=\"og:site_name\" content=\"Veteraanien Perint\u00f6\" \/>\n<meta property=\"article:modified_time\" content=\"2020-12-28T14:03:46+00:00\" \/>\n<meta name=\"twitter:card\" content=\"summary_large_image\" \/>\n<meta name=\"twitter:label1\" content=\"Arvioitu lukuaika\" \/>\n\t<meta name=\"twitter:data1\" content=\"12 minuuttia\" \/>\n<script type=\"application\/ld+json\" class=\"yoast-schema-graph\">{\"@context\":\"https:\\\/\\\/schema.org\",\"@graph\":[{\"@type\":\"WebPage\",\"@id\":\"https:\\\/\\\/veteraanienperinto.fi\\\/index.php\\\/sv\\\/vinterkriget\\\/vinterkrigets-berattelser\\\/kriget\\\/storanfallet-pa-naset\\\/inferno-i-vinterkriget\\\/\",\"url\":\"https:\\\/\\\/veteraanienperinto.fi\\\/index.php\\\/sv\\\/vinterkriget\\\/vinterkrigets-berattelser\\\/kriget\\\/storanfallet-pa-naset\\\/inferno-i-vinterkriget\\\/\",\"name\":\"Inferno i vinterkriget - Veteraanien Perint\u00f6\",\"isPartOf\":{\"@id\":\"https:\\\/\\\/veteraanienperinto.fi\\\/#website\"},\"datePublished\":\"2020-12-21T15:07:11+00:00\",\"dateModified\":\"2020-12-28T14:03:46+00:00\",\"breadcrumb\":{\"@id\":\"https:\\\/\\\/veteraanienperinto.fi\\\/index.php\\\/sv\\\/vinterkriget\\\/vinterkrigets-berattelser\\\/kriget\\\/storanfallet-pa-naset\\\/inferno-i-vinterkriget\\\/#breadcrumb\"},\"inLanguage\":\"fi\",\"potentialAction\":[{\"@type\":\"ReadAction\",\"target\":[\"https:\\\/\\\/veteraanienperinto.fi\\\/index.php\\\/sv\\\/vinterkriget\\\/vinterkrigets-berattelser\\\/kriget\\\/storanfallet-pa-naset\\\/inferno-i-vinterkriget\\\/\"]}]},{\"@type\":\"BreadcrumbList\",\"@id\":\"https:\\\/\\\/veteraanienperinto.fi\\\/index.php\\\/sv\\\/vinterkriget\\\/vinterkrigets-berattelser\\\/kriget\\\/storanfallet-pa-naset\\\/inferno-i-vinterkriget\\\/#breadcrumb\",\"itemListElement\":[{\"@type\":\"ListItem\",\"position\":1,\"name\":\"Etusivu\",\"item\":\"https:\\\/\\\/veteraanienperinto.fi\\\/index.php\\\/etusivu-2\\\/\"},{\"@type\":\"ListItem\",\"position\":2,\"name\":\"Vinterkriget\",\"item\":\"https:\\\/\\\/veteraanienperinto.fi\\\/index.php\\\/sv\\\/vinterkriget\\\/\"},{\"@type\":\"ListItem\",\"position\":3,\"name\":\"Vinterkrigets ber\u00e4ttelser\",\"item\":\"https:\\\/\\\/veteraanienperinto.fi\\\/index.php\\\/sv\\\/vinterkriget\\\/vinterkrigets-berattelser\\\/\"},{\"@type\":\"ListItem\",\"position\":4,\"name\":\"Kriget\",\"item\":\"https:\\\/\\\/veteraanienperinto.fi\\\/index.php\\\/sv\\\/vinterkriget\\\/vinterkrigets-berattelser\\\/kriget\\\/\"},{\"@type\":\"ListItem\",\"position\":5,\"name\":\"Storanfallet p\u00e5 N\u00e4set\",\"item\":\"https:\\\/\\\/veteraanienperinto.fi\\\/index.php\\\/sv\\\/vinterkriget\\\/vinterkrigets-berattelser\\\/kriget\\\/storanfallet-pa-naset\\\/\"},{\"@type\":\"ListItem\",\"position\":6,\"name\":\"Inferno i vinterkriget\"}]},{\"@type\":\"WebSite\",\"@id\":\"https:\\\/\\\/veteraanienperinto.fi\\\/#website\",\"url\":\"https:\\\/\\\/veteraanienperinto.fi\\\/\",\"name\":\"Veteraanien Perint\u00f6\",\"description\":\"Kadettikunta\",\"potentialAction\":[{\"@type\":\"SearchAction\",\"target\":{\"@type\":\"EntryPoint\",\"urlTemplate\":\"https:\\\/\\\/veteraanienperinto.fi\\\/?s={search_term_string}\"},\"query-input\":{\"@type\":\"PropertyValueSpecification\",\"valueRequired\":true,\"valueName\":\"search_term_string\"}}],\"inLanguage\":\"fi\"}]}<\/script>\n<!-- \/ Yoast SEO plugin. -->","yoast_head_json":{"title":"Inferno i vinterkriget - Veteraanien Perint\u00f6","robots":{"index":"index","follow":"follow","max-snippet":"max-snippet:-1","max-image-preview":"max-image-preview:large","max-video-preview":"max-video-preview:-1"},"canonical":"https:\/\/veteraanienperinto.fi\/index.php\/sv\/vinterkriget\/vinterkrigets-berattelser\/kriget\/storanfallet-pa-naset\/inferno-i-vinterkriget\/","og_locale":"fi_FI","og_type":"article","og_title":"Inferno i vinterkriget - Veteraanien Perint\u00f6","og_url":"https:\/\/veteraanienperinto.fi\/index.php\/sv\/vinterkriget\/vinterkrigets-berattelser\/kriget\/storanfallet-pa-naset\/inferno-i-vinterkriget\/","og_site_name":"Veteraanien Perint\u00f6","article_modified_time":"2020-12-28T14:03:46+00:00","twitter_card":"summary_large_image","twitter_misc":{"Arvioitu lukuaika":"12 minuuttia"},"schema":{"@context":"https:\/\/schema.org","@graph":[{"@type":"WebPage","@id":"https:\/\/veteraanienperinto.fi\/index.php\/sv\/vinterkriget\/vinterkrigets-berattelser\/kriget\/storanfallet-pa-naset\/inferno-i-vinterkriget\/","url":"https:\/\/veteraanienperinto.fi\/index.php\/sv\/vinterkriget\/vinterkrigets-berattelser\/kriget\/storanfallet-pa-naset\/inferno-i-vinterkriget\/","name":"Inferno i vinterkriget - Veteraanien Perint\u00f6","isPartOf":{"@id":"https:\/\/veteraanienperinto.fi\/#website"},"datePublished":"2020-12-21T15:07:11+00:00","dateModified":"2020-12-28T14:03:46+00:00","breadcrumb":{"@id":"https:\/\/veteraanienperinto.fi\/index.php\/sv\/vinterkriget\/vinterkrigets-berattelser\/kriget\/storanfallet-pa-naset\/inferno-i-vinterkriget\/#breadcrumb"},"inLanguage":"fi","potentialAction":[{"@type":"ReadAction","target":["https:\/\/veteraanienperinto.fi\/index.php\/sv\/vinterkriget\/vinterkrigets-berattelser\/kriget\/storanfallet-pa-naset\/inferno-i-vinterkriget\/"]}]},{"@type":"BreadcrumbList","@id":"https:\/\/veteraanienperinto.fi\/index.php\/sv\/vinterkriget\/vinterkrigets-berattelser\/kriget\/storanfallet-pa-naset\/inferno-i-vinterkriget\/#breadcrumb","itemListElement":[{"@type":"ListItem","position":1,"name":"Etusivu","item":"https:\/\/veteraanienperinto.fi\/index.php\/etusivu-2\/"},{"@type":"ListItem","position":2,"name":"Vinterkriget","item":"https:\/\/veteraanienperinto.fi\/index.php\/sv\/vinterkriget\/"},{"@type":"ListItem","position":3,"name":"Vinterkrigets ber\u00e4ttelser","item":"https:\/\/veteraanienperinto.fi\/index.php\/sv\/vinterkriget\/vinterkrigets-berattelser\/"},{"@type":"ListItem","position":4,"name":"Kriget","item":"https:\/\/veteraanienperinto.fi\/index.php\/sv\/vinterkriget\/vinterkrigets-berattelser\/kriget\/"},{"@type":"ListItem","position":5,"name":"Storanfallet p\u00e5 N\u00e4set","item":"https:\/\/veteraanienperinto.fi\/index.php\/sv\/vinterkriget\/vinterkrigets-berattelser\/kriget\/storanfallet-pa-naset\/"},{"@type":"ListItem","position":6,"name":"Inferno i vinterkriget"}]},{"@type":"WebSite","@id":"https:\/\/veteraanienperinto.fi\/#website","url":"https:\/\/veteraanienperinto.fi\/","name":"Veteraanien Perint\u00f6","description":"Kadettikunta","potentialAction":[{"@type":"SearchAction","target":{"@type":"EntryPoint","urlTemplate":"https:\/\/veteraanienperinto.fi\/?s={search_term_string}"},"query-input":{"@type":"PropertyValueSpecification","valueRequired":true,"valueName":"search_term_string"}}],"inLanguage":"fi"}]}},"_links":{"self":[{"href":"https:\/\/veteraanienperinto.fi\/index.php\/wp-json\/wp\/v2\/pages\/8855","targetHints":{"allow":["GET"]}}],"collection":[{"href":"https:\/\/veteraanienperinto.fi\/index.php\/wp-json\/wp\/v2\/pages"}],"about":[{"href":"https:\/\/veteraanienperinto.fi\/index.php\/wp-json\/wp\/v2\/types\/page"}],"author":[{"embeddable":true,"href":"https:\/\/veteraanienperinto.fi\/index.php\/wp-json\/wp\/v2\/users\/1"}],"replies":[{"embeddable":true,"href":"https:\/\/veteraanienperinto.fi\/index.php\/wp-json\/wp\/v2\/comments?post=8855"}],"version-history":[{"count":2,"href":"https:\/\/veteraanienperinto.fi\/index.php\/wp-json\/wp\/v2\/pages\/8855\/revisions"}],"predecessor-version":[{"id":9024,"href":"https:\/\/veteraanienperinto.fi\/index.php\/wp-json\/wp\/v2\/pages\/8855\/revisions\/9024"}],"up":[{"embeddable":true,"href":"https:\/\/veteraanienperinto.fi\/index.php\/wp-json\/wp\/v2\/pages\/5612"}],"wp:attachment":[{"href":"https:\/\/veteraanienperinto.fi\/index.php\/wp-json\/wp\/v2\/media?parent=8855"}],"curies":[{"name":"wp","href":"https:\/\/api.w.org\/{rel}","templated":true}]}}